{"id":2089,"date":"2025-06-17T18:21:57","date_gmt":"2025-06-17T17:21:57","guid":{"rendered":"https:\/\/ukraine-rous.fr\/?page_id=2089"},"modified":"2025-06-18T14:33:21","modified_gmt":"2025-06-18T13:33:21","slug":"accueil","status":"publish","type":"page","link":"https:\/\/ukraine-rous.fr\/","title":{"rendered":"Accueil"},"content":{"rendered":"\n<div class=\"wp-block-group is-layout-grid wp-container-core-group-is-layout-9649a0d9 wp-block-group-is-layout-grid\">\n<details class=\"wp-block-details is-layout-flow wp-block-details-is-layout-flow\"><summary><\/summary>\n<div class=\"wp-block-columns is-layout-flex wp-container-core-columns-is-layout-9d6595d7 wp-block-columns-is-layout-flex\">\n<div class=\"wp-block-column is-layout-flow wp-block-column-is-layout-flow\" style=\"flex-basis:100%\"><nav class=\"is-responsive wp-block-navigation is-layout-flex wp-block-navigation-is-layout-flex\" aria-label=\"Top menu\" \n\t\t data-wp-interactive=\"core\/navigation\" data-wp-context='{\"overlayOpenedBy\":{\"click\":false,\"hover\":false,\"focus\":false},\"type\":\"overlay\",\"roleAttribute\":\"\",\"ariaLabel\":\"Menu\"}'><button aria-haspopup=\"dialog\" aria-label=\"Ouvrir le menu\" class=\"wp-block-navigation__responsive-container-open\" \n\t\t\t\tdata-wp-on--click=\"actions.openMenuOnClick\"\n\t\t\t\tdata-wp-on--keydown=\"actions.handleMenuKeydown\"\n\t\t\t><svg width=\"24\" height=\"24\" xmlns=\"http:\/\/www.w3.org\/2000\/svg\" viewBox=\"0 0 24 24\" aria-hidden=\"true\" focusable=\"false\"><path d=\"M4 7.5h16v1.5H4z\"><\/path><path d=\"M4 15h16v1.5H4z\"><\/path><\/svg><\/button>\n\t\t\t\t<div class=\"wp-block-navigation__responsive-container\"  id=\"modal-1\" \n\t\t\t\tdata-wp-class--has-modal-open=\"state.isMenuOpen\"\n\t\t\t\tdata-wp-class--is-menu-open=\"state.isMenuOpen\"\n\t\t\t\tdata-wp-watch=\"callbacks.initMenu\"\n\t\t\t\tdata-wp-on--keydown=\"actions.handleMenuKeydown\"\n\t\t\t\tdata-wp-on--focusout=\"actions.handleMenuFocusout\"\n\t\t\t\ttabindex=\"-1\"\n\t\t\t>\n\t\t\t\t\t<div class=\"wp-block-navigation__responsive-close\" tabindex=\"-1\">\n\t\t\t\t\t\t<div class=\"wp-block-navigation__responsive-dialog\" \n\t\t\t\tdata-wp-bind--aria-modal=\"state.ariaModal\"\n\t\t\t\tdata-wp-bind--aria-label=\"state.ariaLabel\"\n\t\t\t\tdata-wp-bind--role=\"state.roleAttribute\"\n\t\t\t>\n\t\t\t\t\t\t\t<button aria-label=\"Fermer le menu\" class=\"wp-block-navigation__responsive-container-close\" \n\t\t\t\tdata-wp-on--click=\"actions.closeMenuOnClick\"\n\t\t\t><svg xmlns=\"http:\/\/www.w3.org\/2000\/svg\" viewBox=\"0 0 24 24\" width=\"24\" height=\"24\" aria-hidden=\"true\" focusable=\"false\"><path d=\"m13.06 12 6.47-6.47-1.06-1.06L12 10.94 5.53 4.47 4.47 5.53 10.94 12l-6.47 6.47 1.06 1.06L12 13.06l6.47 6.47 1.06-1.06L13.06 12Z\"><\/path><\/svg><\/button>\n\t\t\t\t\t\t\t<div class=\"wp-block-navigation__responsive-container-content\" \n\t\t\t\tdata-wp-watch=\"callbacks.focusFirstElement\"\n\t\t\t id=\"modal-1-content\">\n\t\t\t\t\t\t\t\t<ul class=\"wp-block-navigation__container is-responsive wp-block-navigation\"><li class=\" wp-block-navigation-item  menu-item menu-item-type-taxonomy menu-item-object-category wp-block-navigation-link\"><a class=\"wp-block-navigation-item__content\"  href=\"https:\/\/ukraine-rous.fr\/?cat=4\" title=\"\"><span class=\"wp-block-navigation-item__label\">Histoire u0026amp; Politique<\/span><\/a><\/li><li class=\" wp-block-navigation-item  menu-item menu-item-type-taxonomy menu-item-object-category wp-block-navigation-link\"><a class=\"wp-block-navigation-item__content\"  href=\"https:\/\/ukraine-rous.fr\/?cat=11\" title=\"\"><span class=\"wp-block-navigation-item__label\">Katsapologie<\/span><span class=\"wp-block-navigation-item__description\">L&rsquo;\u00e9tude du katsapisme, comportement typique de la moskalerie<\/span><\/a><\/li><li class=\" wp-block-navigation-item  menu-item menu-item-type-taxonomy menu-item-object-category wp-block-navigation-link\"><a class=\"wp-block-navigation-item__content\"  href=\"https:\/\/ukraine-rous.fr\/?cat=20\" title=\"\"><span class=\"wp-block-navigation-item__label\">Traduction litt\u00e9raire<\/span><\/a><\/li><li class=\" wp-block-navigation-item  menu-item menu-item-type-taxonomy menu-item-object-category wp-block-navigation-link\"><a class=\"wp-block-navigation-item__content\"  href=\"https:\/\/ukraine-rous.fr\/?cat=23\" title=\"\"><span class=\"wp-block-navigation-item__label\">Holodomor<\/span><span class=\"wp-block-navigation-item__description\">\u00c9tudes et t\u00e9moignages du g\u00e9nocide ukrainien<\/span><\/a><\/li><li class=\" wp-block-navigation-item  menu-item menu-item-type-taxonomy menu-item-object-category wp-block-navigation-link\"><a class=\"wp-block-navigation-item__content\"  href=\"https:\/\/ukraine-rous.fr\/?cat=30\" title=\"\"><span class=\"wp-block-navigation-item__label\">Lettres<\/span><\/a><\/li><li class=\" wp-block-navigation-item  menu-item menu-item-type-taxonomy menu-item-object-category wp-block-navigation-link\"><a class=\"wp-block-navigation-item__content\"  href=\"https:\/\/ukraine-rous.fr\/?cat=17\" title=\"\"><span class=\"wp-block-navigation-item__label\">Bilingues<\/span><span class=\"wp-block-navigation-item__description\">\u00c9ditions bilingues de textes litt\u00e9raires<\/span><\/a><\/li><li class=\" wp-block-navigation-item  menu-item menu-item-type-custom menu-item-object-custom wp-block-navigation-link\"><a class=\"wp-block-navigation-item__content\"  href=\"#pll_switcher\" title=\"\"><span class=\"wp-block-navigation-item__label\">Langues<\/span><\/a><\/li><\/ul>\n\t\t\t\t\t\t\t<\/div>\n\t\t\t\t\t\t<\/div>\n\t\t\t\t\t<\/div>\n\t\t\t\t<\/div><\/nav><\/div>\n<\/div>\n<\/details>\n<\/div>\n\n\n\n<p><\/p>\n","protected":false},"excerpt":{"rendered":"","protected":false},"author":1,"featured_media":2072,"parent":0,"menu_order":0,"comment_status":"closed","ping_status":"closed","template":"blog.php","meta":{"footnotes":""},"class_list":["post-2089","page","type-page","status-publish","has-post-thumbnail","hentry","post--single"],"_links":{"self":[{"href":"https:\/\/ukraine-rous.fr\/index.php?rest_route=\/wp\/v2\/pages\/2089","targetHints":{"allow":["GET"]}}],"collection":[{"href":"https:\/\/ukraine-rous.fr\/index.php?rest_route=\/wp\/v2\/pages"}],"about":[{"href":"https:\/\/ukraine-rous.fr\/index.php?rest_route=\/wp\/v2\/types\/page"}],"author":[{"embeddable":true,"href":"https:\/\/ukraine-rous.fr\/index.php?rest_route=\/wp\/v2\/users\/1"}],"replies":[{"embeddable":true,"href":"https:\/\/ukraine-rous.fr\/index.php?rest_route=%2Fwp%2Fv2%2Fcomments&post=2089"}],"version-history":[{"count":15,"href":"https:\/\/ukraine-rous.fr\/index.php?rest_route=\/wp\/v2\/pages\/2089\/revisions"}],"predecessor-version":[{"id":2259,"href":"https:\/\/ukraine-rous.fr\/index.php?rest_route=\/wp\/v2\/pages\/2089\/revisions\/2259"}],"wp:featuredmedia":[{"embeddable":true,"href":"https:\/\/ukraine-rous.fr\/index.php?rest_route=\/wp\/v2\/media\/2072"}],"wp:attachment":[{"href":"https:\/\/ukraine-rous.fr\/index.php?rest_route=%2Fwp%2Fv2%2Fmedia&parent=2089"}],"curies":[{"name":"wp","href":"https:\/\/api.w.org\/{rel}","templated":true}]}}